{"id":6,"date":"2020-07-13T08:25:35","date_gmt":"2020-07-13T08:25:35","guid":{"rendered":"https:\/\/themes.muffingroup.com\/be\/restaurant7\/?page_id=6"},"modified":"2024-10-10T14:36:56","modified_gmt":"2024-10-10T17:36:56","slug":"home","status":"publish","type":"page","link":"https:\/\/tayori.com.br\/","title":{"rendered":"HOME"},"content":{"rendered":"\t\t<div data-elementor-type=\"wp-page\" data-elementor-id=\"6\" class=\"elementor elementor-6\" data-elementor-post-type=\"page\">\n\t\t\t\t\t\t<section class=\"elementor-section elementor-top-section elementor-element elementor-element-2cbbd18 elementor-section-content-middle elementor-section-stretched elementor-section-boxed elementor-section-height-default elementor-section-height-default\" data-id=\"2cbbd18\" data-element_type=\"section\" data-settings=\"{&quot;stretch_section&quot;:&quot;section-stretched&quot;}\">\n\t\t\t\t\t\t<div class=\"elementor-container elementor-column-gap-wider\">\n\t\t\t\t\t<div class=\"elementor-column elementor-col-50 elementor-top-column elementor-element elementor-element-d83c818\" data-id=\"d83c818\" data-element_type=\"column\">\n\t\t\t<div class=\"elementor-widget-wrap elementor-element-populated\">\n\t\t\t\t\t\t<div class=\"elementor-element elementor-element-845ab36 elementor-widget elementor-widget-image\" data-id=\"845ab36\" data-element_type=\"widget\" data-widget_type=\"image.default\">\n\t\t\t\t<div class=\"elementor-widget-container\">\n\t\t\t\t\t\t\t\t\t\t\t\t\t\t\t\t<a href=\"https:\/\/tayori.com.br\/wp-content\/uploads\/2024\/10\/fig01.jpg\" data-elementor-open-lightbox=\"no\">\n\t\t\t\t\t\t\t<img fetchpriority=\"high\" decoding=\"async\" width=\"581\" height=\"862\" src=\"https:\/\/tayori.com.br\/wp-content\/uploads\/2024\/10\/fig01.jpg\" class=\"attachment-large size-large wp-image-97\" alt=\"\" srcset=\"https:\/\/tayori.com.br\/wp-content\/uploads\/2024\/10\/fig01.jpg 581w, https:\/\/tayori.com.br\/wp-content\/uploads\/2024\/10\/fig01-337x500.jpg 337w, https:\/\/tayori.com.br\/wp-content\/uploads\/2024\/10\/fig01-202x300.jpg 202w, https:\/\/tayori.com.br\/wp-content\/uploads\/2024\/10\/fig01-51x75.jpg 51w, https:\/\/tayori.com.br\/wp-content\/uploads\/2024\/10\/fig01-480x712.jpg 480w\" sizes=\"(max-width:767px) 480px, 581px\" \/>\t\t\t\t\t\t\t\t<\/a>\n\t\t\t\t\t\t\t\t\t\t\t\t\t\t\t<\/div>\n\t\t\t\t<\/div>\n\t\t\t\t\t<\/div>\n\t\t<\/div>\n\t\t\t\t<div class=\"elementor-column elementor-col-50 elementor-top-column elementor-element elementor-element-ea436c3\" data-id=\"ea436c3\" data-element_type=\"column\">\n\t\t\t<div class=\"elementor-widget-wrap elementor-element-populated\">\n\t\t\t\t\t\t<div class=\"elementor-element elementor-element-34bb568 elementor-widget elementor-widget-text-editor\" data-id=\"34bb568\" data-element_type=\"widget\" data-widget_type=\"text-editor.default\">\n\t\t\t\t<div class=\"elementor-widget-container\">\n\t\t\t\t\t\t\t\t\t<h2>Mais de&nbsp;<span class=\"themecolor\">15 anos<\/span>&nbsp;de experi\u00eancia<\/h2>\t\t\t\t\t\t\t\t<\/div>\n\t\t\t\t<\/div>\n\t\t\t\t<div class=\"elementor-element elementor-element-bddebc4 elementor-widget elementor-widget-text-editor\" data-id=\"bddebc4\" data-element_type=\"widget\" data-widget_type=\"text-editor.default\">\n\t\t\t\t<div class=\"elementor-widget-container\">\n\t\t\t\t\t\t\t\t\t<p>Em Taubat\u00e9, no cora\u00e7\u00e3o o vale do para\u00edba,<strong>\u00a0o melhor da cozinha japonesa<\/strong>\u00a0espera por voc\u00ea!<\/p><p>Manter o equil\u00edbrio entre receitas fruto de uma cultura milenar e as novas tend\u00eancias da gastronomia, \u00e9 apenas um dos diferenciais do\u00a0<strong>Tayori<\/strong>. O\u00a0<strong>Restaurante Tayori<\/strong>\u00a0une praticidade, inova\u00e7\u00e3o, variedade, qualidade e os melhores sabores.<\/p><p>Del\u00edcias como os tradicionais sushis, sashimis, teppanyaki, e muitas outras especialidades, voc\u00ea encontra aqui no\u00a0<strong>Tayori<\/strong>.<\/p><p>Nosso menu traz uma grande variedade de receitas tradicionais da culin\u00e1ria japonesa, agradando apreciadodes da\u00a0<strong>gastronomia japonesa<\/strong>\u00a0e tamb\u00e9m aos clientes japoneses, que podem matar a saudade das\u00a0<strong>especialidades japonesas<\/strong>\u00a0mais apreciadas em sua terra natal.<\/p>\t\t\t\t\t\t\t\t<\/div>\n\t\t\t\t<\/div>\n\t\t\t\t\t<\/div>\n\t\t<\/div>\n\t\t\t\t\t<\/div>\n\t\t<\/section>\n\t\t\t\t<section class=\"elementor-section elementor-top-section elementor-element elementor-element-dc5faec elementor-section-content-bottom elementor-section-stretched elementor-section-boxed elementor-section-height-default elementor-section-height-default\" data-id=\"dc5faec\" data-element_type=\"section\" data-settings=\"{&quot;stretch_section&quot;:&quot;section-stretched&quot;,&quot;background_background&quot;:&quot;classic&quot;}\">\n\t\t\t\t\t\t<div class=\"elementor-container elementor-column-gap-wider\">\n\t\t\t\t\t<div class=\"elementor-column elementor-col-100 elementor-top-column elementor-element elementor-element-4574577\" data-id=\"4574577\" data-element_type=\"column\">\n\t\t\t<div class=\"elementor-widget-wrap elementor-element-populated\">\n\t\t\t\t\t\t<div class=\"elementor-element elementor-element-7e78095 elementor-widget elementor-widget-text-editor\" data-id=\"7e78095\" data-element_type=\"widget\" data-widget_type=\"text-editor.default\">\n\t\t\t\t<div class=\"elementor-widget-container\">\n\t\t\t\t\t\t\t\t\t<h2 class=\"themecolor\">Fa\u00e7a seu pedido!<\/h2>\t\t\t\t\t\t\t\t<\/div>\n\t\t\t\t<\/div>\n\t\t\t\t<div class=\"elementor-element elementor-element-5400a76 elementor-widget elementor-widget-text-editor\" data-id=\"5400a76\" data-element_type=\"widget\" data-widget_type=\"text-editor.default\">\n\t\t\t\t<div class=\"elementor-widget-container\">\n\t\t\t\t\t\t\t\t\t<p><span style=\"color: #333333;\"><strong>Confira nosso card\u00e1pio e fa\u00e7a seu pedido. Entregamos tudo bem fresquinho pra voc\u00ea.<\/strong><\/span><\/p>\t\t\t\t\t\t\t\t<\/div>\n\t\t\t\t<\/div>\n\t\t\t\t<section class=\"elementor-section elementor-inner-section elementor-element elementor-element-a20ee01 elementor-section-boxed elementor-section-height-default elementor-section-height-default\" data-id=\"a20ee01\" data-element_type=\"section\">\n\t\t\t\t\t\t<div class=\"elementor-container elementor-column-gap-default\">\n\t\t\t\t\t<div class=\"elementor-column elementor-col-100 elementor-inner-column elementor-element elementor-element-4115d9c\" data-id=\"4115d9c\" data-element_type=\"column\">\n\t\t\t<div class=\"elementor-widget-wrap elementor-element-populated\">\n\t\t\t\t\t\t<div class=\"elementor-element elementor-element-4ee5d0e elementor-align-center elementor-widget__width-inherit elementor-widget elementor-widget-button\" data-id=\"4ee5d0e\" data-element_type=\"widget\" data-widget_type=\"button.default\">\n\t\t\t\t<div class=\"elementor-widget-container\">\n\t\t\t\t\t\t\t\t\t<div class=\"elementor-button-wrapper\">\n\t\t\t\t\t<a class=\"elementor-button elementor-button-link elementor-size-sm\" href=\"https:\/\/pedido.anota.ai\/loja\/tayori-sushi?f=msa\" target=\"_blank\">\n\t\t\t\t\t\t<span class=\"elementor-button-content-wrapper\">\n\t\t\t\t\t\t\t\t\t<span class=\"elementor-button-text\">Pe\u00e7a Agora!<\/span>\n\t\t\t\t\t<\/span>\n\t\t\t\t\t<\/a>\n\t\t\t\t<\/div>\n\t\t\t\t\t\t\t\t<\/div>\n\t\t\t\t<\/div>\n\t\t\t\t\t<\/div>\n\t\t<\/div>\n\t\t\t\t\t<\/div>\n\t\t<\/section>\n\t\t\t\t\t<\/div>\n\t\t<\/div>\n\t\t\t\t\t<\/div>\n\t\t<\/section>\n\t\t\t\t<section class=\"elementor-section elementor-top-section elementor-element elementor-element-ffe8c31 elementor-section-stretched elementor-section-boxed elementor-section-height-default elementor-section-height-default\" data-id=\"ffe8c31\" data-element_type=\"section\" data-settings=\"{&quot;stretch_section&quot;:&quot;section-stretched&quot;}\">\n\t\t\t\t\t\t<div class=\"elementor-container elementor-column-gap-default\">\n\t\t\t\t\t<div class=\"elementor-column elementor-col-100 elementor-top-column elementor-element elementor-element-0a6dcb6\" data-id=\"0a6dcb6\" data-element_type=\"column\">\n\t\t\t<div class=\"elementor-widget-wrap elementor-element-populated\">\n\t\t\t\t\t\t<section class=\"elementor-section elementor-inner-section elementor-element elementor-element-3942c99 elementor-section-content-bottom elementor-section-boxed elementor-section-height-default elementor-section-height-default\" data-id=\"3942c99\" data-element_type=\"section\" data-settings=\"{&quot;background_background&quot;:&quot;classic&quot;}\">\n\t\t\t\t\t\t<div class=\"elementor-container elementor-column-gap-default\">\n\t\t\t\t\t<div class=\"elementor-column elementor-col-100 elementor-inner-column elementor-element elementor-element-e08c9da\" data-id=\"e08c9da\" data-element_type=\"column\">\n\t\t\t<div class=\"elementor-widget-wrap elementor-element-populated\">\n\t\t\t\t\t\t<div class=\"elementor-element elementor-element-200f10f elementor-widget elementor-widget-text-editor\" data-id=\"200f10f\" data-element_type=\"widget\" data-widget_type=\"text-editor.default\">\n\t\t\t\t<div class=\"elementor-widget-container\">\n\t\t\t\t\t\t\t\t\t<h2>O que dizem nossos\u00a0<span class=\"themecolor\">clientes<\/span><\/h2>\t\t\t\t\t\t\t\t<\/div>\n\t\t\t\t<\/div>\n\t\t\t\t\t<\/div>\n\t\t<\/div>\n\t\t\t\t\t<\/div>\n\t\t<\/section>\n\t\t\t\t<div class=\"elementor-element elementor-element-22589f7 elementor-widget elementor-widget-mfn_testimonials\" data-id=\"22589f7\" data-element_type=\"widget\" data-widget_type=\"mfn_testimonials.default\">\n\t\t\t\t<div class=\"elementor-widget-container\">\n\t\t\t\t\t<div class=\"testimonials_slider single-photo hide-photos\"><ul class=\"testimonials_slider_ul\"><li><div class=\"single-photo-img\"><img decoding=\"async\" class=\"scale-with-grid\" src=\"https:\/\/tayori.com.br\/wp-content\/themes\/betheme\/images\/testimonials-placeholder.png\" alt=\"\" \/><\/div><div class=\"bq_wrapper\"><div class=\"blockquote\"><span class=\"mfn-blockquote-icon\"><i class=\"icon-quote\" aria-hidden=\"true\"><\/i><\/span><blockquote>N\u00e3o troco o Taiory por nenhum outro restaurante daqui de Taubat\u00e9!!! Comida deliciosa e sempre fresquinha!!!<\/blockquote><\/div><\/div><div class=\"hr_dots\"><span><\/span><span><\/span><span><\/span><\/div><div class=\"author\"><h5 class=\"title\"><\/h5><span class=\"company\"><\/span><\/div><\/li><li><div class=\"single-photo-img\"><img decoding=\"async\" class=\"scale-with-grid\" src=\"https:\/\/tayori.com.br\/wp-content\/themes\/betheme\/images\/testimonials-placeholder.png\" alt=\"\" \/><\/div><div class=\"bq_wrapper\"><div class=\"blockquote\"><span class=\"mfn-blockquote-icon\"><i class=\"icon-quote\" aria-hidden=\"true\"><\/i><\/span><blockquote>Pra n\u00e3o ficar duvidas quanto \u00e0 qualidade e VARIEDADE de sushis e sashimis dispon\u00edveis no menu... Venham conferir!<\/blockquote><\/div><\/div><div class=\"hr_dots\"><span><\/span><span><\/span><span><\/span><\/div><div class=\"author\"><h5 class=\"title\"><\/h5><span class=\"company\"><\/span><\/div><\/li><li><div class=\"single-photo-img\"><img decoding=\"async\" class=\"scale-with-grid\" src=\"https:\/\/tayori.com.br\/wp-content\/themes\/betheme\/images\/testimonials-placeholder.png\" alt=\"\" \/><\/div><div class=\"bq_wrapper\"><div class=\"blockquote\"><span class=\"mfn-blockquote-icon\"><i class=\"icon-quote\" aria-hidden=\"true\"><\/i><\/span><blockquote>Card\u00e1pio festival mudou e est\u00e1 Show! Temakis variados, tudo muito fresco e delicioso! Muito melhor! Sa\u00ed satisfeit\u00edssimo! \ud83d\ude09<\/blockquote><\/div><\/div><div class=\"hr_dots\"><span><\/span><span><\/span><span><\/span><\/div><div class=\"author\"><h5 class=\"title\"><\/h5><span class=\"company\"><\/span><\/div><\/li><li><div class=\"single-photo-img\"><img decoding=\"async\" class=\"scale-with-grid\" src=\"https:\/\/tayori.com.br\/wp-content\/themes\/betheme\/images\/testimonials-placeholder.png\" alt=\"\" \/><\/div><div class=\"bq_wrapper\"><div class=\"blockquote\"><span class=\"mfn-blockquote-icon\"><i class=\"icon-quote\" aria-hidden=\"true\"><\/i><\/span><blockquote>Eu frequento SEMPRE e sei que \u00e9 o melhor restaurante japones da cidade. Com festival completo e o peixe SEMPRE fresco e saboroso!<\/blockquote><\/div><\/div><div class=\"hr_dots\"><span><\/span><span><\/span><span><\/span><\/div><div class=\"author\"><h5 class=\"title\"><\/h5><span class=\"company\"><\/span><\/div><\/li><\/ul><div class=\"slider_pager slider_pagination\"><\/div><\/div>\n\t\t\t\t<\/div>\n\t\t\t\t<\/div>\n\t\t\t\t\t<\/div>\n\t\t<\/div>\n\t\t\t\t\t<\/div>\n\t\t<\/section>\n\t\t\t\t<\/div>\n\t\t","protected":false},"excerpt":{"rendered":"<p>Mais de&nbsp;15 anos&nbsp;de experi\u00eancia Em Taubat\u00e9, no cora\u00e7\u00e3o o vale do para\u00edba,\u00a0o melhor da cozinha japonesa\u00a0espera por voc\u00ea! Manter o equil\u00edbrio entre receitas fruto de uma<span class=\"excerpt-hellip\"> [\u2026]<\/span><\/p>\n","protected":false},"author":1,"featured_media":0,"parent":0,"menu_order":0,"comment_status":"open","ping_status":"closed","template":"","meta":{"footnotes":""},"class_list":["post-6","page","type-page","status-publish","hentry"],"_links":{"self":[{"href":"https:\/\/tayori.com.br\/index.php\/wp-json\/wp\/v2\/pages\/6","targetHints":{"allow":["GET"]}}],"collection":[{"href":"https:\/\/tayori.com.br\/index.php\/wp-json\/wp\/v2\/pages"}],"about":[{"href":"https:\/\/tayori.com.br\/index.php\/wp-json\/wp\/v2\/types\/page"}],"author":[{"embeddable":true,"href":"https:\/\/tayori.com.br\/index.php\/wp-json\/wp\/v2\/users\/1"}],"replies":[{"embeddable":true,"href":"https:\/\/tayori.com.br\/index.php\/wp-json\/wp\/v2\/comments?post=6"}],"version-history":[{"count":21,"href":"https:\/\/tayori.com.br\/index.php\/wp-json\/wp\/v2\/pages\/6\/revisions"}],"predecessor-version":[{"id":120,"href":"https:\/\/tayori.com.br\/index.php\/wp-json\/wp\/v2\/pages\/6\/revisions\/120"}],"wp:attachment":[{"href":"https:\/\/tayori.com.br\/index.php\/wp-json\/wp\/v2\/media?parent=6"}],"curies":[{"name":"wp","href":"https:\/\/api.w.org\/{rel}","templated":true}]}}